{"id":1003,"date":"2025-07-12T11:25:29","date_gmt":"2025-07-12T11:25:29","guid":{"rendered":"https:\/\/aicoding.ai\/?page_id=1003"},"modified":"2025-08-03T12:52:16","modified_gmt":"2025-08-03T12:52:16","slug":"impressum","status":"publish","type":"page","link":"https:\/\/aicoding.ai\/de\/impressum\/","title":{"rendered":"Impressum"},"content":{"rendered":"<div data-elementor-type=\"wp-page\" data-elementor-id=\"1003\" class=\"elementor elementor-1003\" data-elementor-post-type=\"page\">\n\t\t\t\t<div class=\"elementor-element elementor-element-49e27a25 e-flex e-con-boxed e-con e-parent\" data-id=\"49e27a25\" data-element_type=\"container\" data-e-type=\"container\" data-settings=\"{&quot;background_background&quot;:&quot;gradient&quot;}\">\n\t\t\t\t\t<div class=\"e-con-inner\">\n\t\t<div class=\"elementor-element elementor-element-3be92ae7 e-con-full e-flex e-con e-child\" data-id=\"3be92ae7\" data-element_type=\"container\" data-e-type=\"container\">\n\t\t\t\t<div class=\"elementor-element elementor-element-4a485bac elementor-widget-mobile__width-auto elementor-widget-tablet__width-auto jkit-equal-height-disable elementor-widget elementor-widget-jkit_icon_box\" data-id=\"4a485bac\" data-element_type=\"widget\" data-e-type=\"widget\" data-widget_type=\"jkit_icon_box.default\">\n\t\t\t\t\t<div  class=\"jeg-elementor-kit jkit-icon-box icon-position-left elementor-animation- jeg_module___69fb569c47319\" ><div class=\"jkit-icon-box-wrapper hover-from-left\"><div class=\"icon-box icon-box-header elementor-animation-\"><div class=\"icon style-color\"><img fetchpriority=\"high\" decoding=\"async\" width=\"462\" height=\"196\" src=\"https:\/\/aicoding.ai\/wp-content\/uploads\/2025\/07\/Asset-08.png\" class=\"attachment-full size-full\" alt=\"Impressum\" url=\"https:\/\/aicoding.ai\/wp-content\/uploads\/2025\/07\/Asset-08.png\" srcset=\"https:\/\/aicoding.ai\/wp-content\/uploads\/2025\/07\/Asset-08.png 462w, https:\/\/aicoding.ai\/wp-content\/uploads\/2025\/07\/Asset-08-300x127.png 300w, https:\/\/aicoding.ai\/wp-content\/uploads\/2025\/07\/Asset-08-18x8.png 18w\" sizes=\"(max-width: 462px) 100vw, 462px\" \/><\/div><\/div><div class=\"icon-box icon-box-body\">\n                <h2 class=\"title\">Impressum<\/h2>\n            <\/div>\n            \n            <\/div><\/div>\t\t\t\t<\/div>\n\t\t\t\t<div class=\"elementor-element elementor-element-63711964 elementor-widget elementor-widget-jkit_heading\" data-id=\"63711964\" data-element_type=\"widget\" data-e-type=\"widget\" data-widget_type=\"jkit_heading.default\">\n\t\t\t\t\t<div  class=\"jeg-elementor-kit jkit-heading  align-left align-tablet-center align-mobile-center jeg_module__1_69fb569c48b30\" ><div class=\"heading-section-title  display-inline-block\"><h3 class=\"heading-title\">Impressum (gem\u00e4\u00df \u00a7 5 TMG)<\/h3><\/div><div class=\"heading-section-description\"><p>Auf dieser Seite finden Sie die gesetzlich geforderten Unternehmensinformationen gem\u00e4\u00df \u00a7 5 TMG (Telemediengesetz).<\/p><\/div><\/div>\t\t\t\t<\/div>\n\t\t\t\t<\/div>\n\t\t\t\t\t<\/div>\n\t\t\t\t<\/div>\n\t\t<div class=\"elementor-element elementor-element-4e0fb4ec e-flex e-con-boxed e-con e-parent\" data-id=\"4e0fb4ec\" data-element_type=\"container\" data-e-type=\"container\">\n\t\t\t\t\t<div class=\"e-con-inner\">\n\t\t<div class=\"elementor-element elementor-element-7ba0bd2a e-con-full e-flex e-con e-child\" data-id=\"7ba0bd2a\" data-element_type=\"container\" data-e-type=\"container\">\n\t\t\t\t<div class=\"elementor-element elementor-element-295f9a71 elementor-widget-laptop__width-initial jkit-equal-height-disable elementor-widget elementor-widget-jkit_icon_box\" data-id=\"295f9a71\" data-element_type=\"widget\" data-e-type=\"widget\" data-widget_type=\"jkit_icon_box.default\">\n\t\t\t\t\t<div  class=\"jeg-elementor-kit jkit-icon-box icon-position-left elementor-animation- jeg_module__2_69fb569c4958e\" ><div class=\"jkit-icon-box-wrapper hover-from-left\"><div class=\"icon-box icon-box-header elementor-animation-\"><div class=\"icon style-color\"><img decoding=\"async\" width=\"462\" height=\"196\" src=\"https:\/\/aicoding.ai\/wp-content\/uploads\/2025\/07\/Asset-081.png\" class=\"attachment-full size-full\" alt=\"Impressum\" url=\"http:\/\/aicoding.ai\/wp-content\/uploads\/2025\/07\/Asset-081.png\" source=\"library\" srcset=\"https:\/\/aicoding.ai\/wp-content\/uploads\/2025\/07\/Asset-081.png 462w, https:\/\/aicoding.ai\/wp-content\/uploads\/2025\/07\/Asset-081-300x127.png 300w, https:\/\/aicoding.ai\/wp-content\/uploads\/2025\/07\/Asset-081-18x8.png 18w\" sizes=\"(max-width: 462px) 100vw, 462px\" \/><\/div><\/div><div class=\"icon-box icon-box-body\">\n                <h2 class=\"title\">Impressum<\/h2>\n            <\/div>\n            \n            <\/div><\/div>\t\t\t\t<\/div>\n\t\t\t\t<div class=\"elementor-element elementor-element-cc34200 elementor-widget elementor-widget-heading\" data-id=\"cc34200\" data-element_type=\"widget\" data-e-type=\"widget\" data-widget_type=\"heading.default\">\n\t\t\t\t\t<h2 class=\"elementor-heading-title elementor-size-default\">Impressum<\/h2>\t\t\t\t<\/div>\n\t\t\t\t<div class=\"elementor-element elementor-element-c319923 elementor-widget elementor-widget-text-editor\" data-id=\"c319923\" data-element_type=\"widget\" data-e-type=\"widget\" data-widget_type=\"text-editor.default\">\n\t\t\t\t\t\t\t\t\t<p class=\"p1\">AI Coding GmbH<span class=\"Apple-converted-space\">\u00a0 <\/span><br \/>Peter-M\u00fcller-Str. 3<span class=\"Apple-converted-space\">\u00a0 <\/span><br \/>40468 D\u00fcsseldorf<span class=\"Apple-converted-space\">\u00a0 <\/span><br \/>aus Deutschland<\/p>\t\t\t\t\t\t\t\t<\/div>\n\t\t\t\t<\/div>\n\t\t<div class=\"elementor-element elementor-element-e16147a e-con-full e-flex e-con e-child\" data-id=\"e16147a\" data-element_type=\"container\" data-e-type=\"container\">\n\t\t\t\t<div class=\"elementor-element elementor-element-8c51654 elementor-widget elementor-widget-heading\" data-id=\"8c51654\" data-element_type=\"widget\" data-e-type=\"widget\" data-widget_type=\"heading.default\">\n\t\t\t\t\t<h2 class=\"elementor-heading-title elementor-size-default\">Vertreten durch: <\/h2>\t\t\t\t<\/div>\n\t\t\t\t<div class=\"elementor-element elementor-element-86b1798 elementor-widget elementor-widget-text-editor\" data-id=\"86b1798\" data-element_type=\"widget\" data-e-type=\"widget\" data-widget_type=\"text-editor.default\">\n\t\t\t\t\t\t\t\t\t<p>Herr Dr. Tolga Akcay (Gesch\u00e4ftsf\u00fchrender Direktor)<\/p>\t\t\t\t\t\t\t\t<\/div>\n\t\t\t\t<\/div>\n\t\t<div class=\"elementor-element elementor-element-d1a137a e-con-full e-flex e-con e-child\" data-id=\"d1a137a\" data-element_type=\"container\" data-e-type=\"container\">\n\t\t\t\t<div class=\"elementor-element elementor-element-4ef533e elementor-widget elementor-widget-heading\" data-id=\"4ef533e\" data-element_type=\"widget\" data-e-type=\"widget\" data-widget_type=\"heading.default\">\n\t\t\t\t\t<h2 class=\"elementor-heading-title elementor-size-default\">Kontakt:<\/h2>\t\t\t\t<\/div>\n\t\t\t\t<div class=\"elementor-element elementor-element-bb70e04 elementor-widget elementor-widget-text-editor\" data-id=\"bb70e04\" data-element_type=\"widget\" data-e-type=\"widget\" data-widget_type=\"text-editor.default\">\n\t\t\t\t\t\t\t\t\t<p>E-Mail: <a href=\"mailto:hi@aicoding.ai\">hi@aicoding.ai<\/a><br \/>Website: <a href=\"https:\/\/aicoding.ai\/de\">www.aicoding.ai<\/a> \u2028<\/p>\t\t\t\t\t\t\t\t<\/div>\n\t\t\t\t<\/div>\n\t\t<div class=\"elementor-element elementor-element-fdb7b64 e-con-full e-flex e-con e-child\" data-id=\"fdb7b64\" data-element_type=\"container\" data-e-type=\"container\">\n\t\t\t\t<div class=\"elementor-element elementor-element-84ee40b elementor-widget elementor-widget-heading\" data-id=\"84ee40b\" data-element_type=\"widget\" data-e-type=\"widget\" data-widget_type=\"heading.default\">\n\t\t\t\t\t<h2 class=\"elementor-heading-title elementor-size-default\">Handelsregister: <\/h2>\t\t\t\t<\/div>\n\t\t\t\t<div class=\"elementor-element elementor-element-14c1cad elementor-widget elementor-widget-text-editor\" data-id=\"14c1cad\" data-element_type=\"widget\" data-e-type=\"widget\" data-widget_type=\"text-editor.default\">\n\t\t\t\t\t\t\t\t\t<p>Eingetragen im Amtsgericht D\u00fcsseldorf<br>Handelsregisternummer: HRB 109727<\/p>\t\t\t\t\t\t\t\t<\/div>\n\t\t\t\t<\/div>\n\t\t<div class=\"elementor-element elementor-element-9fa7e75 e-con-full e-flex e-con e-child\" data-id=\"9fa7e75\" data-element_type=\"container\" data-e-type=\"container\">\n\t\t\t\t<div class=\"elementor-element elementor-element-40136d2 elementor-widget elementor-widget-heading\" data-id=\"40136d2\" data-element_type=\"widget\" data-e-type=\"widget\" data-widget_type=\"heading.default\">\n\t\t\t\t\t<h2 class=\"elementor-heading-title elementor-size-default\">UMSATZSTEUER-ID: <\/h2>\t\t\t\t<\/div>\n\t\t\t\t<div class=\"elementor-element elementor-element-3d87f1c elementor-widget elementor-widget-text-editor\" data-id=\"3d87f1c\" data-element_type=\"widget\" data-e-type=\"widget\" data-widget_type=\"text-editor.default\">\n\t\t\t\t\t\t\t\t\t<p>Umsatzsteuer-Identifikationsnummer gem\u00e4\u00df \u00a7 27 a Umsatzsteuergesetz: (wird nachgereicht)<\/p>\t\t\t\t\t\t\t\t<\/div>\n\t\t\t\t<\/div>\n\t\t<div class=\"elementor-element elementor-element-0e0492b e-con-full e-flex e-con e-child\" data-id=\"0e0492b\" data-element_type=\"container\" data-e-type=\"container\">\n\t\t\t\t<div class=\"elementor-element elementor-element-ce8af9e elementor-widget elementor-widget-heading\" data-id=\"ce8af9e\" data-element_type=\"widget\" data-e-type=\"widget\" data-widget_type=\"heading.default\">\n\t\t\t\t\t<h2 class=\"elementor-heading-title elementor-size-default\">Verantwortlich f\u00fcr den Inhalt gem\u00e4\u00df \u00a7 55 Abs. 2 RStV:<\/h2>\t\t\t\t<\/div>\n\t\t\t\t<div class=\"elementor-element elementor-element-3bbf0bf elementor-widget elementor-widget-text-editor\" data-id=\"3bbf0bf\" data-element_type=\"widget\" data-e-type=\"widget\" data-widget_type=\"text-editor.default\">\n\t\t\t\t\t\t\t\t\t<p>Dr. Tolga Akcay, AI Coding GmbH, Peter M\u00fcller Str. 3, 40468 D\u00fcsseldorf, Deutschland<\/p>\t\t\t\t\t\t\t\t<\/div>\n\t\t\t\t<\/div>\n\t\t\t\t\t<\/div>\n\t\t\t\t<\/div>\n\t\t\t\t<\/div>","protected":false},"excerpt":{"rendered":"<p>Impressum Impressum (gem\u00e4\u00df \u00a7 5 TMG) Auf dieser Seite finden Sie die gesetzlich geforderten Unternehmensinformationen gem\u00e4\u00df \u00a7 5 TMG (Telemediengesetz). Impressum Impressum AI Coding GmbH Peter M\u00fcller Str. 3 40468 D\u00fcsseldorf Deutschland Vertreten durch: Herrn Dr. Tolga Akcay (Gesch\u00e4ftsf\u00fchrer) Kontakt: E-Mail: hi@aicoding.ai Website: [...]<\/p>","protected":false},"author":2,"featured_media":0,"parent":0,"menu_order":0,"comment_status":"closed","ping_status":"closed","template":"","meta":{"footnotes":""},"class_list":["post-1003","page","type-page","status-publish","hentry"],"_links":{"self":[{"href":"https:\/\/aicoding.ai\/de\/wp-json\/wp\/v2\/pages\/1003","targetHints":{"allow":["GET"]}}],"collection":[{"href":"https:\/\/aicoding.ai\/de\/wp-json\/wp\/v2\/pages"}],"about":[{"href":"https:\/\/aicoding.ai\/de\/wp-json\/wp\/v2\/types\/page"}],"author":[{"embeddable":true,"href":"https:\/\/aicoding.ai\/de\/wp-json\/wp\/v2\/users\/2"}],"replies":[{"embeddable":true,"href":"https:\/\/aicoding.ai\/de\/wp-json\/wp\/v2\/comments?post=1003"}],"version-history":[{"count":28,"href":"https:\/\/aicoding.ai\/de\/wp-json\/wp\/v2\/pages\/1003\/revisions"}],"predecessor-version":[{"id":1974,"href":"https:\/\/aicoding.ai\/de\/wp-json\/wp\/v2\/pages\/1003\/revisions\/1974"}],"wp:attachment":[{"href":"https:\/\/aicoding.ai\/de\/wp-json\/wp\/v2\/media?parent=1003"}],"curies":[{"name":"wp","href":"https:\/\/api.w.org\/{rel}","templated":true}]}}