{"id":480,"date":"2025-07-11T18:30:31","date_gmt":"2025-07-11T18:30:31","guid":{"rendered":"https:\/\/aicoding.ai\/?page_id=480"},"modified":"2025-08-14T11:39:42","modified_gmt":"2025-08-14T11:39:42","slug":"einen-termin-buchen","status":"publish","type":"page","link":"https:\/\/aicoding.ai\/de\/einen-termin-buchen\/","title":{"rendered":"Einen Termin buchen"},"content":{"rendered":"<div data-elementor-type=\"wp-page\" data-elementor-id=\"480\" class=\"elementor elementor-480\" data-elementor-post-type=\"page\">\n\t\t\t\t<div class=\"elementor-element elementor-element-67909151 e-flex e-con-boxed e-con e-parent\" data-id=\"67909151\" data-element_type=\"container\" data-e-type=\"container\" data-settings=\"{&quot;background_background&quot;:&quot;gradient&quot;}\">\n\t\t\t\t\t<div class=\"e-con-inner\">\n\t\t<div class=\"elementor-element elementor-element-3707dce9 e-con-full e-flex e-con e-child\" data-id=\"3707dce9\" data-element_type=\"container\" data-e-type=\"container\">\n\t\t\t\t<div class=\"elementor-element elementor-element-5fe62884 elementor-widget-mobile__width-auto elementor-widget-tablet__width-auto jkit-equal-height-disable elementor-widget elementor-widget-jkit_icon_box\" data-id=\"5fe62884\" data-element_type=\"widget\" data-e-type=\"widget\" data-widget_type=\"jkit_icon_box.default\">\n\t\t\t\t\t<div  class=\"jeg-elementor-kit jkit-icon-box icon-position-left elementor-animation- jeg_module___69fb471bc353e\" ><div class=\"jkit-icon-box-wrapper hover-from-left\"><div class=\"icon-box icon-box-header elementor-animation-\"><div class=\"icon style-color\"><img fetchpriority=\"high\" decoding=\"async\" width=\"462\" height=\"196\" src=\"https:\/\/aicoding.ai\/wp-content\/uploads\/2025\/07\/Asset-081.png\" class=\"attachment-full size-full\" alt=\"Einen Termin buchen\" url=\"http:\/\/aicoding.ai\/wp-content\/uploads\/2025\/07\/Asset-081.png\" source=\"library\" srcset=\"https:\/\/aicoding.ai\/wp-content\/uploads\/2025\/07\/Asset-081.png 462w, https:\/\/aicoding.ai\/wp-content\/uploads\/2025\/07\/Asset-081-300x127.png 300w, https:\/\/aicoding.ai\/wp-content\/uploads\/2025\/07\/Asset-081-18x8.png 18w\" sizes=\"(max-width: 462px) 100vw, 462px\" \/><\/div><\/div><div class=\"icon-box icon-box-body\">\n                <h2 class=\"title\">Einen Termin buchen<\/h2>\n            <\/div>\n            \n            <\/div><\/div>\t\t\t\t<\/div>\n\t\t\t\t<div class=\"elementor-element elementor-element-6d7fb35b elementor-widget elementor-widget-jkit_heading\" data-id=\"6d7fb35b\" data-element_type=\"widget\" data-e-type=\"widget\" data-widget_type=\"jkit_heading.default\">\n\t\t\t\t\t<div  class=\"jeg-elementor-kit jkit-heading  align-left align-tablet-center align-mobile-center jeg_module__1_69fb471bc4bf0\" ><div class=\"heading-section-title  display-inline-block\"><h1 class=\"heading-title\">Vereinbaren Sie noch heute einen Termin f\u00fcr Ihr kostenloses Beratungsgespr\u00e4ch<\/h1><\/div><div class=\"heading-section-description\"><p>Lassen Sie sich von unseren Experten f\u00fcr K\u00fcnstliche Intelligenz in Deutschland pers\u00f6nlich beraten - buchen Sie einen Termin, der f\u00fcr Sie am besten passt. Als ein f\u00fchrendes KI-Unternehmen in Deutschland bieten wir strategische Beratung, die auf Ihre Gesch\u00e4ftsziele zugeschnitten ist. Unsere KI-Spezialisten in Deutschland liefern umsetzbare Erkenntnisse und Implementierungspl\u00e4ne, die messbare Ergebnisse f\u00fcr Ihr Unternehmen liefern.<\/p><\/div><\/div>\t\t\t\t<\/div>\n\t\t\t\t<\/div>\n\t\t\t\t\t<\/div>\n\t\t\t\t<\/div>\n\t\t<div class=\"elementor-element elementor-element-2fa40157 e-flex e-con-boxed e-con e-parent\" data-id=\"2fa40157\" data-element_type=\"container\" data-e-type=\"container\" id=\"Book_An_Appointment\">\n\t\t\t\t\t<div class=\"e-con-inner\">\n\t\t<div class=\"elementor-element elementor-element-8de9f9 e-con-full e-flex e-con e-child\" data-id=\"8de9f9\" data-element_type=\"container\" data-e-type=\"container\">\n\t\t\t\t<div class=\"elementor-element elementor-element-755603f elementor-widget elementor-widget-html\" data-id=\"755603f\" data-element_type=\"widget\" data-e-type=\"widget\" data-widget_type=\"html.default\">\n\t\t\t\t\t<!-- Calendly inline widget begin -->\n<div class=\"calendly-inline-widget\" data-url=\"https:\/\/calendly.com\/tolga-aicoding?hide_landing_page_details=1&hide_gdpr_banner=1&primary_color=0f4291\" style=\"min-width:320px;height:700px;\"><\/div>\n<script type=\"text\/javascript\" src=\"https:\/\/assets.calendly.com\/assets\/external\/widget.js\" async><\/script>\n<!-- Calendly inline widget end -->\t\t\t\t<\/div>\n\t\t\t\t<div class=\"elementor-element elementor-element-4123015 elementor-hidden-desktop elementor-hidden-laptop elementor-hidden-tablet elementor-hidden-mobile elementor-widget elementor-widget-stepbooking\" data-id=\"4123015\" data-element_type=\"widget\" data-e-type=\"widget\" data-widget_type=\"stepbooking.default\">\n\t\t\t\t<div class=\"elementor-widget-container\">\n\t\t\t\t\t\n<script>\n  if (typeof hasAmeliaEntitiesApiCall === 'undefined' && '' === '') {\n    var hasAmeliaEntitiesApiCall = true;\n  }\n  var ameliaShortcodeData = (typeof ameliaShortcodeData === 'undefined') ? [] : ameliaShortcodeData;\n  ameliaShortcodeData.push(\n    {\n      'hasApiCall': (typeof hasAmeliaEntitiesApiCall !== 'undefined') && hasAmeliaEntitiesApiCall,\n      'trigger': '',\n      'trigger_type': '',\n      'triggered_form': 'sbsNew',\n      'in_dialog': '',\n      'show': '',\n      'counter': '1000',\n      'category': '',\n      'service': '',\n      'employee': '',\n      'location': '',\n      'package': ''\n    }\n  );\n\n  var ameliaShortcodeDataTriggered = (typeof ameliaShortcodeDataTriggered === 'undefined') ? [] : ameliaShortcodeDataTriggered;\n  if (ameliaShortcodeData[ameliaShortcodeData.length - 1].trigger !== '') {\n    if (ameliaShortcodeDataTriggered.filter(a => a.counter === ameliaShortcodeData[ameliaShortcodeData.length - 1].counter).length === 0) {\n      ameliaShortcodeDataTriggered.push(ameliaShortcodeData.pop());\n    } else {\n      ameliaShortcodeData.pop()\n    }\n  }\n  if (typeof hasAmeliaEntitiesApiCall !== 'undefined' && hasAmeliaEntitiesApiCall) {\n    hasAmeliaEntitiesApiCall = false;\n  }\n<\/script>\n\n<div\n  id=\"amelia-v2-booking-1000\"\n  class=\"amelia-v2-booking\"\n >\n    <step-form-wrapper><\/step-form-wrapper><\/div>\n\t\t\t\t<\/div>\n\t\t\t\t<\/div>\n\t\t\t\t<\/div>\n\t\t\t\t\t<\/div>\n\t\t\t\t<\/div>\n\t\t\t\t<\/div>","protected":false},"excerpt":{"rendered":"<p>Book An Appointment Schedule Your Free Consultation Today Get personalized guidance from our AI company Germany experts\u2014book a time that works best for you. As a leading AI company Germany, we provide strategic consultation tailored to your business objectives. Our AI company Germany specialists deliver actionable insights and implementation roadmaps that drive measurable results for [&hellip;]<\/p>","protected":false},"author":2,"featured_media":0,"parent":0,"menu_order":0,"comment_status":"closed","ping_status":"closed","template":"","meta":{"footnotes":""},"class_list":["post-480","page","type-page","status-publish","hentry"],"_links":{"self":[{"href":"https:\/\/aicoding.ai\/de\/wp-json\/wp\/v2\/pages\/480","targetHints":{"allow":["GET"]}}],"collection":[{"href":"https:\/\/aicoding.ai\/de\/wp-json\/wp\/v2\/pages"}],"about":[{"href":"https:\/\/aicoding.ai\/de\/wp-json\/wp\/v2\/types\/page"}],"author":[{"embeddable":true,"href":"https:\/\/aicoding.ai\/de\/wp-json\/wp\/v2\/users\/2"}],"replies":[{"embeddable":true,"href":"https:\/\/aicoding.ai\/de\/wp-json\/wp\/v2\/comments?post=480"}],"version-history":[{"count":39,"href":"https:\/\/aicoding.ai\/de\/wp-json\/wp\/v2\/pages\/480\/revisions"}],"predecessor-version":[{"id":2004,"href":"https:\/\/aicoding.ai\/de\/wp-json\/wp\/v2\/pages\/480\/revisions\/2004"}],"wp:attachment":[{"href":"https:\/\/aicoding.ai\/de\/wp-json\/wp\/v2\/media?parent=480"}],"curies":[{"name":"wp","href":"https:\/\/api.w.org\/{rel}","templated":true}]}}