{"id":977,"date":"2025-07-12T10:05:01","date_gmt":"2025-07-12T10:05:01","guid":{"rendered":"https:\/\/aicoding.ai\/?page_id=977"},"modified":"2025-08-15T06:55:51","modified_gmt":"2025-08-15T06:55:51","slug":"datenschutzbestimmungen","status":"publish","type":"page","link":"https:\/\/aicoding.ai\/de\/datenschutzbestimmungen\/","title":{"rendered":"Datenschutzerkl\u00e4rung"},"content":{"rendered":"<div data-elementor-type=\"wp-page\" data-elementor-id=\"977\" class=\"elementor elementor-977\" data-elementor-post-type=\"page\">\n\t\t\t\t<div class=\"elementor-element elementor-element-49e27a25 e-flex e-con-boxed e-con e-parent\" data-id=\"49e27a25\" data-element_type=\"container\" data-e-type=\"container\" data-settings=\"{&quot;background_background&quot;:&quot;gradient&quot;}\">\n\t\t\t\t\t<div class=\"e-con-inner\">\n\t\t<div class=\"elementor-element elementor-element-3be92ae7 e-con-full e-flex e-con e-child\" data-id=\"3be92ae7\" data-element_type=\"container\" data-e-type=\"container\">\n\t\t\t\t<div class=\"elementor-element elementor-element-4a485bac elementor-widget-mobile__width-auto elementor-widget-tablet__width-auto jkit-equal-height-disable elementor-widget elementor-widget-jkit_icon_box\" data-id=\"4a485bac\" data-element_type=\"widget\" data-e-type=\"widget\" data-widget_type=\"jkit_icon_box.default\">\n\t\t\t\t\t<div  class=\"jeg-elementor-kit jkit-icon-box icon-position-left elementor-animation- jeg_module___69fb5b8613289\" ><div class=\"jkit-icon-box-wrapper hover-from-left\"><div class=\"icon-box icon-box-header elementor-animation-\"><div class=\"icon style-color\"><img fetchpriority=\"high\" decoding=\"async\" width=\"462\" height=\"196\" src=\"https:\/\/aicoding.ai\/wp-content\/uploads\/2025\/07\/Asset-08.png\" class=\"attachment-full size-full\" alt=\"Datenschutzrichtlinie (GDPR-konform)\" url=\"https:\/\/aicoding.ai\/wp-content\/uploads\/2025\/07\/Asset-08.png\" srcset=\"https:\/\/aicoding.ai\/wp-content\/uploads\/2025\/07\/Asset-08.png 462w, https:\/\/aicoding.ai\/wp-content\/uploads\/2025\/07\/Asset-08-300x127.png 300w, https:\/\/aicoding.ai\/wp-content\/uploads\/2025\/07\/Asset-08-18x8.png 18w\" sizes=\"(max-width: 462px) 100vw, 462px\" \/><\/div><\/div><div class=\"icon-box icon-box-body\">\n                <h2 class=\"title\">Datenschutzrichtlinie (GDPR-konform)<\/h2>\n            <\/div>\n            \n            <\/div><\/div>\t\t\t\t<\/div>\n\t\t\t\t<div class=\"elementor-element elementor-element-63711964 elementor-widget elementor-widget-jkit_heading\" data-id=\"63711964\" data-element_type=\"widget\" data-e-type=\"widget\" data-widget_type=\"jkit_heading.default\">\n\t\t\t\t\t<div  class=\"jeg-elementor-kit jkit-heading  align-left align-tablet-center align-mobile-center jeg_module__1_69fb5b8614ddf\" ><div class=\"heading-section-title  display-inline-block\"><h3 class=\"heading-title\">Datenautomatisierung, die den Datenschutz und die Vorschriften respektiert<\/h3><\/div><div class=\"heading-section-description\"><p>Unsere Scraping- und Automatisierungsl\u00f6sungen sind so konzipiert, dass sie vollst\u00e4ndig mit der GDPR und den Nutzungsbedingungen der Plattform \u00fcbereinstimmen - sicher, ethisch korrekt und risikofrei.<\/p><\/div><\/div>\t\t\t\t<\/div>\n\t\t\t\t<\/div>\n\t\t\t\t\t<\/div>\n\t\t\t\t<\/div>\n\t\t<div class=\"elementor-element elementor-element-4e0fb4ec e-flex e-con-boxed e-con e-parent\" data-id=\"4e0fb4ec\" data-element_type=\"container\" data-e-type=\"container\">\n\t\t\t\t\t<div class=\"e-con-inner\">\n\t\t<div class=\"elementor-element elementor-element-7ba0bd2a e-con-full e-flex e-con e-child\" data-id=\"7ba0bd2a\" data-element_type=\"container\" data-e-type=\"container\">\n\t\t\t\t<div class=\"elementor-element elementor-element-295f9a71 elementor-widget-laptop__width-initial jkit-equal-height-disable elementor-widget elementor-widget-jkit_icon_box\" data-id=\"295f9a71\" data-element_type=\"widget\" data-e-type=\"widget\" data-widget_type=\"jkit_icon_box.default\">\n\t\t\t\t\t<div  class=\"jeg-elementor-kit jkit-icon-box icon-position-left elementor-animation- jeg_module__2_69fb5b8615627\" ><div class=\"jkit-icon-box-wrapper hover-from-left\"><div class=\"icon-box icon-box-header elementor-animation-\"><div class=\"icon style-color\"><img decoding=\"async\" width=\"462\" height=\"196\" src=\"https:\/\/aicoding.ai\/wp-content\/uploads\/2025\/07\/Asset-081.png\" class=\"attachment-full size-full\" alt=\"Datenschutzerkl\u00e4rung\" url=\"http:\/\/aicoding.ai\/wp-content\/uploads\/2025\/07\/Asset-081.png\" source=\"library\" srcset=\"https:\/\/aicoding.ai\/wp-content\/uploads\/2025\/07\/Asset-081.png 462w, https:\/\/aicoding.ai\/wp-content\/uploads\/2025\/07\/Asset-081-300x127.png 300w, https:\/\/aicoding.ai\/wp-content\/uploads\/2025\/07\/Asset-081-18x8.png 18w\" sizes=\"(max-width: 462px) 100vw, 462px\" \/><\/div><\/div><div class=\"icon-box icon-box-body\">\n                <h2 class=\"title\">Datenschutzerkl\u00e4rung<\/h2>\n            <\/div>\n            \n            <\/div><\/div>\t\t\t\t<\/div>\n\t\t\t\t<div class=\"elementor-element elementor-element-cc34200 elementor-widget elementor-widget-heading\" data-id=\"cc34200\" data-element_type=\"widget\" data-e-type=\"widget\" data-widget_type=\"heading.default\">\n\t\t\t\t\t<h2 class=\"elementor-heading-title elementor-size-default\">1. Controller<\/h2>\t\t\t\t<\/div>\n\t\t\t\t<div class=\"elementor-element elementor-element-c319923 elementor-widget elementor-widget-text-editor\" data-id=\"c319923\" data-element_type=\"widget\" data-e-type=\"widget\" data-widget_type=\"text-editor.default\">\n\t\t\t\t\t\t\t\t\t<p class=\"p1\">AI Coding GmbH<span class=\"Apple-converted-space\">\u00a0 <\/span><br \/>Peter-M\u00fcller-Str. 3<span class=\"Apple-converted-space\">\u00a0 <\/span><br \/>40468 D\u00fcsseldorf, Deutschland<span class=\"Apple-converted-space\">\u00a0 <\/span><br \/>E-Mail: <a href=\"mailto:hi@aicoding.ai\">hi@aicoding.ai<\/a><span class=\"Apple-converted-space\">\u00a0 <\/span><\/p>\t\t\t\t\t\t\t\t<\/div>\n\t\t\t\t<\/div>\n\t\t<div class=\"elementor-element elementor-element-e16147a e-con-full e-flex e-con e-child\" data-id=\"e16147a\" data-element_type=\"container\" data-e-type=\"container\">\n\t\t\t\t<div class=\"elementor-element elementor-element-8c51654 elementor-widget elementor-widget-heading\" data-id=\"8c51654\" data-element_type=\"widget\" data-e-type=\"widget\" data-widget_type=\"heading.default\">\n\t\t\t\t\t<h2 class=\"elementor-heading-title elementor-size-default\">2. Erhebung und Verarbeitung personenbezogener Daten<\/h2>\t\t\t\t<\/div>\n\t\t\t\t<div class=\"elementor-element elementor-element-86b1798 elementor-widget elementor-widget-text-editor\" data-id=\"86b1798\" data-element_type=\"widget\" data-e-type=\"widget\" data-widget_type=\"text-editor.default\">\n\t\t\t\t\t\t\t\t\t<p class=\"p1\">Wir erheben personenbezogene Daten nur, wenn Sie uns diese freiwillig zur Verf\u00fcgung stellen, zum Beispiel \u00fcber Kontaktformulare, Chatbot-Interaktion oder Terminbuchung.<\/p>\t\t\t\t\t\t\t\t<\/div>\n\t\t\t\t<\/div>\n\t\t<div class=\"elementor-element elementor-element-d1a137a e-con-full e-flex e-con e-child\" data-id=\"d1a137a\" data-element_type=\"container\" data-e-type=\"container\">\n\t\t\t\t<div class=\"elementor-element elementor-element-4ef533e elementor-widget elementor-widget-heading\" data-id=\"4ef533e\" data-element_type=\"widget\" data-e-type=\"widget\" data-widget_type=\"heading.default\">\n\t\t\t\t\t<h2 class=\"elementor-heading-title elementor-size-default\">3. Zweck der Verarbeitung<\/h2>\t\t\t\t<\/div>\n\t\t\t\t<div class=\"elementor-element elementor-element-bb70e04 elementor-widget elementor-widget-text-editor\" data-id=\"bb70e04\" data-element_type=\"widget\" data-e-type=\"widget\" data-widget_type=\"text-editor.default\">\n\t\t\t\t\t\t\t\t\t<p class=\"p1\">- Beantwortung Ihrer Anfrage<span class=\"Apple-converted-space\">\u00a0 <\/span><br \/>- Terminplanung und Kommunikation<span class=\"Apple-converted-space\">\u00a0 <\/span><br \/>- Analytik zur Verbesserung unserer Dienstleistungen<span class=\"Apple-converted-space\">\u00a0 <\/span><br \/>- Gew\u00e4hrleistung der IT-Sicherheit<\/p>\t\t\t\t\t\t\t\t<\/div>\n\t\t\t\t<\/div>\n\t\t<div class=\"elementor-element elementor-element-fdb7b64 e-con-full e-flex e-con e-child\" data-id=\"fdb7b64\" data-element_type=\"container\" data-e-type=\"container\">\n\t\t\t\t<div class=\"elementor-element elementor-element-84ee40b elementor-widget elementor-widget-heading\" data-id=\"84ee40b\" data-element_type=\"widget\" data-e-type=\"widget\" data-widget_type=\"heading.default\">\n\t\t\t\t\t<h2 class=\"elementor-heading-title elementor-size-default\">4. Rechtsgrundlage <\/h2>\t\t\t\t<\/div>\n\t\t\t\t<div class=\"elementor-element elementor-element-14c1cad elementor-widget elementor-widget-text-editor\" data-id=\"14c1cad\" data-element_type=\"widget\" data-e-type=\"widget\" data-widget_type=\"text-editor.default\">\n\t\t\t\t\t\t\t\t\t<p class=\"p1\">Art. 6 Abs.. 1 lit. a, b, f GDPR<\/p>\t\t\t\t\t\t\t\t<\/div>\n\t\t\t\t<\/div>\n\t\t<div class=\"elementor-element elementor-element-9fa7e75 e-con-full e-flex e-con e-child\" data-id=\"9fa7e75\" data-element_type=\"container\" data-e-type=\"container\">\n\t\t\t\t<div class=\"elementor-element elementor-element-40136d2 elementor-widget elementor-widget-heading\" data-id=\"40136d2\" data-element_type=\"widget\" data-e-type=\"widget\" data-widget_type=\"heading.default\">\n\t\t\t\t\t<h2 class=\"elementor-heading-title elementor-size-default\">5. Weitergabe von Daten an Dritte<\/h2>\t\t\t\t<\/div>\n\t\t\t\t<div class=\"elementor-element elementor-element-3d87f1c elementor-widget elementor-widget-text-editor\" data-id=\"3d87f1c\" data-element_type=\"widget\" data-e-type=\"widget\" data-widget_type=\"text-editor.default\">\n\t\t\t\t\t\t\t\t\t<p class=\"p1\">Ihre Daten k\u00f6nnen an folgende Stellen \u00fcbermittelt werden:<br \/>- Anbieter von Terminbuchungen (z. B. Calendly)<span class=\"Apple-converted-space\">\u00a0 <\/span><br \/>- Hosting- und IT-Dienstleister<span class=\"Apple-converted-space\">\u00a0 <\/span><br \/>- Analysetools (z. B. Google Analytics, Matomo, falls aktiviert)<span class=\"Apple-converted-space\">\u00a0 <\/span><br \/>- Eingebettete Inhalte Dritter (z. B. Google Fonts, OpenStreetMap)<\/p>\t\t\t\t\t\t\t\t<\/div>\n\t\t\t\t<\/div>\n\t\t<div class=\"elementor-element elementor-element-0e0492b e-con-full e-flex e-con e-child\" data-id=\"0e0492b\" data-element_type=\"container\" data-e-type=\"container\">\n\t\t\t\t<div class=\"elementor-element elementor-element-ce8af9e elementor-widget elementor-widget-heading\" data-id=\"ce8af9e\" data-element_type=\"widget\" data-e-type=\"widget\" data-widget_type=\"heading.default\">\n\t\t\t\t\t<h2 class=\"elementor-heading-title elementor-size-default\">6. Cookies<\/h2>\t\t\t\t<\/div>\n\t\t\t\t<div class=\"elementor-element elementor-element-3bbf0bf elementor-widget elementor-widget-text-editor\" data-id=\"3bbf0bf\" data-element_type=\"widget\" data-e-type=\"widget\" data-widget_type=\"text-editor.default\">\n\t\t\t\t\t\t\t\t\t<p>Diese Website verwendet wesentliche Cookies und, mit Ihrer Zustimmung, auch analytische Cookies und Cookies von Dritten. Die Zustimmung wird \u00fcber einen Cookie-Banner (z. B. Cookiebot oder Usercentrics) eingeholt.<\/p>\t\t\t\t\t\t\t\t<\/div>\n\t\t\t\t<\/div>\n\t\t<div class=\"elementor-element elementor-element-9dbde87 e-con-full e-flex e-con e-child\" data-id=\"9dbde87\" data-element_type=\"container\" data-e-type=\"container\">\n\t\t\t\t<div class=\"elementor-element elementor-element-a6ae905 elementor-widget elementor-widget-heading\" data-id=\"a6ae905\" data-element_type=\"widget\" data-e-type=\"widget\" data-widget_type=\"heading.default\">\n\t\t\t\t\t<h2 class=\"elementor-heading-title elementor-size-default\">7. Deine Rechte<\/h2>\t\t\t\t<\/div>\n\t\t\t\t<div class=\"elementor-element elementor-element-d7caefd elementor-widget elementor-widget-text-editor\" data-id=\"d7caefd\" data-element_type=\"widget\" data-e-type=\"widget\" data-widget_type=\"text-editor.default\">\n\t\t\t\t\t\t\t\t\t<p>Sie haben das Recht auf Auskunft, Berichtigung, L\u00f6schung, Einschr\u00e4nkung der Verarbeitung und Daten\u00fcbertragbarkeit. Sie k\u00f6nnen Ihre Einwilligung jederzeit widerrufen.<\/p>\t\t\t\t\t\t\t\t<\/div>\n\t\t\t\t<\/div>\n\t\t<div class=\"elementor-element elementor-element-b7b56c3 e-con-full e-flex e-con e-child\" data-id=\"b7b56c3\" data-element_type=\"container\" data-e-type=\"container\">\n\t\t\t\t<div class=\"elementor-element elementor-element-c88a94d elementor-widget elementor-widget-heading\" data-id=\"c88a94d\" data-element_type=\"widget\" data-e-type=\"widget\" data-widget_type=\"heading.default\">\n\t\t\t\t\t<h2 class=\"elementor-heading-title elementor-size-default\">8. Dauer der Lagerung<\/h2>\t\t\t\t<\/div>\n\t\t\t\t<div class=\"elementor-element elementor-element-41de8e7 elementor-widget elementor-widget-text-editor\" data-id=\"41de8e7\" data-element_type=\"widget\" data-e-type=\"widget\" data-widget_type=\"text-editor.default\">\n\t\t\t\t\t\t\t\t\t<p>Personenbezogene Daten werden nur so lange gespeichert, wie es f\u00fcr die oben genannten Zwecke erforderlich ist oder wie es das Gesetz verlangt.<\/p>\t\t\t\t\t\t\t\t<\/div>\n\t\t\t\t<\/div>\n\t\t<div class=\"elementor-element elementor-element-0fa6a60 e-con-full e-flex e-con e-child\" data-id=\"0fa6a60\" data-element_type=\"container\" data-e-type=\"container\">\n\t\t\t\t<div class=\"elementor-element elementor-element-487d6b7 elementor-widget elementor-widget-heading\" data-id=\"487d6b7\" data-element_type=\"widget\" data-e-type=\"widget\" data-widget_type=\"heading.default\">\n\t\t\t\t\t<h2 class=\"elementor-heading-title elementor-size-default\">9. Datenschutz f\u00fcr Stellenbewerber<\/h2>\t\t\t\t<\/div>\n\t\t\t\t<div class=\"elementor-element elementor-element-c720990 elementor-widget elementor-widget-text-editor\" data-id=\"c720990\" data-element_type=\"widget\" data-e-type=\"widget\" data-widget_type=\"text-editor.default\">\n\t\t\t\t\t\t\t\t\t<p>Wenn Sie sich bei uns bewerben, werden Ihre Daten f\u00fcr das Auswahlverfahren verarbeitet. Die Daten werden gem\u00e4\u00df den gesetzlichen Aufbewahrungsfristen gel\u00f6scht.<\/p>\t\t\t\t\t\t\t\t<\/div>\n\t\t\t\t<\/div>\n\t\t<div class=\"elementor-element elementor-element-9f0a0c2 e-con-full e-flex e-con e-child\" data-id=\"9f0a0c2\" data-element_type=\"container\" data-e-type=\"container\">\n\t\t\t\t<div class=\"elementor-element elementor-element-8373f71 elementor-widget elementor-widget-heading\" data-id=\"8373f71\" data-element_type=\"widget\" data-e-type=\"widget\" data-widget_type=\"heading.default\">\n\t\t\t\t\t<h2 class=\"elementor-heading-title elementor-size-default\">10. Ansprechpartner f\u00fcr Datenschutz <\/h2>\t\t\t\t<\/div>\n\t\t\t\t<div class=\"elementor-element elementor-element-3905f44 elementor-widget elementor-widget-text-editor\" data-id=\"3905f44\" data-element_type=\"widget\" data-e-type=\"widget\" data-widget_type=\"text-editor.default\">\n\t\t\t\t\t\t\t\t\t<p>Bei Fragen zum Datenschutz wenden Sie sich bitte an: <a href=\"mailto:hi@aicoding.ai\">hi@aicoding.ai<\/a>\u00a0<\/p>\t\t\t\t\t\t\t\t<\/div>\n\t\t\t\t<div class=\"elementor-element elementor-element-2315ab4 elementor-widget elementor-widget-text-editor\" data-id=\"2315ab4\" data-element_type=\"widget\" data-e-type=\"widget\" data-widget_type=\"text-editor.default\">\n\t\t\t\t\t\t\t\t\t<p class=\"p1\"><strong>Zuletzt aktualisiert: Juli 2025<\/strong><\/p>\t\t\t\t\t\t\t\t<\/div>\n\t\t\t\t<\/div>\n\t\t\t\t\t<\/div>\n\t\t\t\t<\/div>\n\t\t\t\t<\/div>","protected":false},"excerpt":{"rendered":"<p>Datenschutzerkl\u00e4rung (GDPR-konform) Datenautomatisierung, die den Datenschutz und die Vorschriften respektiert Unsere Scraping- und Automatisierungsl\u00f6sungen sind so konzipiert, dass sie vollst\u00e4ndig mit der GDPR und den Servicebedingungen der Plattform \u00fcbereinstimmen - sicher, ethisch und risikofrei. Datenschutzbestimmungen 1. Verantwortlicher AI Coding GmbH Peter M\u00fcller Str. 3 40468 D\u00fcsseldorf, Deutschland E-Mail: hi@aicoding.ai 2. Erhebung und Verarbeitung von personenbezogenen Daten Wir [...]<\/p>","protected":false},"author":2,"featured_media":0,"parent":0,"menu_order":0,"comment_status":"closed","ping_status":"closed","template":"","meta":{"footnotes":""},"class_list":["post-977","page","type-page","status-publish","hentry"],"_links":{"self":[{"href":"https:\/\/aicoding.ai\/de\/wp-json\/wp\/v2\/pages\/977","targetHints":{"allow":["GET"]}}],"collection":[{"href":"https:\/\/aicoding.ai\/de\/wp-json\/wp\/v2\/pages"}],"about":[{"href":"https:\/\/aicoding.ai\/de\/wp-json\/wp\/v2\/types\/page"}],"author":[{"embeddable":true,"href":"https:\/\/aicoding.ai\/de\/wp-json\/wp\/v2\/users\/2"}],"replies":[{"embeddable":true,"href":"https:\/\/aicoding.ai\/de\/wp-json\/wp\/v2\/comments?post=977"}],"version-history":[{"count":29,"href":"https:\/\/aicoding.ai\/de\/wp-json\/wp\/v2\/pages\/977\/revisions"}],"predecessor-version":[{"id":2083,"href":"https:\/\/aicoding.ai\/de\/wp-json\/wp\/v2\/pages\/977\/revisions\/2083"}],"wp:attachment":[{"href":"https:\/\/aicoding.ai\/de\/wp-json\/wp\/v2\/media?parent=977"}],"curies":[{"name":"wp","href":"https:\/\/api.w.org\/{rel}","templated":true}]}}